{"id":87,"date":"2019-01-23T13:25:49","date_gmt":"2019-01-23T13:25:49","guid":{"rendered":"http:\/\/saloceramica.com\/index.php\/product\/money-plant\/"},"modified":"2023-07-08T16:38:15","modified_gmt":"2023-07-08T16:38:15","slug":"duo-pintas","status":"publish","type":"product","link":"https:\/\/saloceramica.com\/index.php\/product\/duo-pintas\/","title":{"rendered":"D\u00fao Pintas"},"content":{"rendered":"<p>D\u00fao Pintas, Colores: Lim\u00f3n, Naranja y Menta \u2013 Dimensiones: Cuenco grande 15x9cm, Cueco chico 10&#215;9 cm \u2013<\/p>\n<p>Cuencos 100% hechos a mano, totalmente esmaltados.<\/p>\n<p>Consultar por mas variedad de colores.<\/p>\n","protected":false},"excerpt":{"rendered":"<p>Set de dos cuencos de diferentes tama\u00f1os, con este d\u00fao tus ensaladas son un sue\u00f1o!<\/p>\n<p>Para mas detalles del producto, ver la descripci\u00f3n. Consult\u00e1 Precio!<\/p>\n<p><em><span style=\"color: #ff6600;\"><strong><span style=\"color: #e0884c;\">Env\u00edo a cargo del comprador, contactanos para coordinarlo<\/span>.<\/strong><\/span><\/em><\/p>\n","protected":false},"featured_media":624,"comment_status":"open","ping_status":"closed","template":"","meta":{"om_disable_all_campaigns":false,"_mi_skip_tracking":false},"product_cat":[17],"product_tag":[],"aioseo_notices":[],"_links":{"self":[{"href":"https:\/\/saloceramica.com\/index.php\/wp-json\/wp\/v2\/product\/87"}],"collection":[{"href":"https:\/\/saloceramica.com\/index.php\/wp-json\/wp\/v2\/product"}],"about":[{"href":"https:\/\/saloceramica.com\/index.php\/wp-json\/wp\/v2\/types\/product"}],"replies":[{"embeddable":true,"href":"https:\/\/saloceramica.com\/index.php\/wp-json\/wp\/v2\/comments?post=87"}],"wp:featuredmedia":[{"embeddable":true,"href":"https:\/\/saloceramica.com\/index.php\/wp-json\/wp\/v2\/media\/624"}],"wp:attachment":[{"href":"https:\/\/saloceramica.com\/index.php\/wp-json\/wp\/v2\/media?parent=87"}],"wp:term":[{"taxonomy":"product_cat","embeddable":true,"href":"https:\/\/saloceramica.com\/index.php\/wp-json\/wp\/v2\/product_cat?post=87"},{"taxonomy":"product_tag","embeddable":true,"href":"https:\/\/saloceramica.com\/index.php\/wp-json\/wp\/v2\/product_tag?post=87"}],"curies":[{"name":"wp","href":"https:\/\/api.w.org\/{rel}","templated":true}]}}