{"id":84,"date":"2019-01-23T13:20:21","date_gmt":"2019-01-23T13:20:21","guid":{"rendered":"http:\/\/saloceramica.com\/index.php\/product\/green-soil-lotus\/"},"modified":"2025-11-28T01:37:31","modified_gmt":"2025-11-28T01:37:31","slug":"cuencos-pintas-de-amor-super","status":"publish","type":"product","link":"https:\/\/saloceramica.com\/index.php\/product\/cuencos-pintas-de-amor-super\/","title":{"rendered":"Cuencos Pintas de Amor (Super)"},"content":{"rendered":"<p>Set de 5 cuencos, colores: Cereza \u2013 Tama\u00f1os: 1 Cuenco de 27\u00d79 cm, 4 Cuencos de 14\u00d77 cm &#8211;<\/p>\n<p>Cuencos 100% hechos a mano, totalmente esmaltados.<\/p>\n<p>Consultar por mas variedad de colores.<\/p>\n","protected":false},"excerpt":{"rendered":"<p>Juegos de cuencos super para mil usos, ideal para ensaladas y guisos&#8230; amor y color en tus comidas!<\/p>\n<p>Con este set tus comidas son un abrazo!<\/p>\n<p>Para mas detalles del producto, ver la descripci\u00f3n. Consult\u00e1 Precio!<\/p>\n<p><em><span style=\"color: #ff6600;\"><strong><span style=\"color: #e0884c;\">Env\u00edo a cargo del comprador, contactanos para coordinarlo<\/span>.<\/strong><\/span><\/em><\/p>\n","protected":false},"featured_media":637,"comment_status":"open","ping_status":"closed","template":"","meta":{"om_disable_all_campaigns":false,"_mi_skip_tracking":false},"product_cat":[17],"product_tag":[],"aioseo_notices":[],"_links":{"self":[{"href":"https:\/\/saloceramica.com\/index.php\/wp-json\/wp\/v2\/product\/84"}],"collection":[{"href":"https:\/\/saloceramica.com\/index.php\/wp-json\/wp\/v2\/product"}],"about":[{"href":"https:\/\/saloceramica.com\/index.php\/wp-json\/wp\/v2\/types\/product"}],"replies":[{"embeddable":true,"href":"https:\/\/saloceramica.com\/index.php\/wp-json\/wp\/v2\/comments?post=84"}],"wp:featuredmedia":[{"embeddable":true,"href":"https:\/\/saloceramica.com\/index.php\/wp-json\/wp\/v2\/media\/637"}],"wp:attachment":[{"href":"https:\/\/saloceramica.com\/index.php\/wp-json\/wp\/v2\/media?parent=84"}],"wp:term":[{"taxonomy":"product_cat","embeddable":true,"href":"https:\/\/saloceramica.com\/index.php\/wp-json\/wp\/v2\/product_cat?post=84"},{"taxonomy":"product_tag","embeddable":true,"href":"https:\/\/saloceramica.com\/index.php\/wp-json\/wp\/v2\/product_tag?post=84"}],"curies":[{"name":"wp","href":"https:\/\/api.w.org\/{rel}","templated":true}]}}