{"id":81,"date":"2019-01-23T12:21:23","date_gmt":"2019-01-23T12:21:23","guid":{"rendered":"http:\/\/saloceramica.com\/index.php\/product\/mini-astrophytum\/"},"modified":"2023-07-08T16:45:02","modified_gmt":"2023-07-08T16:45:02","slug":"tazon-pipom-pinceladas","status":"publish","type":"product","link":"https:\/\/saloceramica.com\/index.php\/product\/tazon-pipom-pinceladas\/","title":{"rendered":"Taz\u00f3n Pip\u00f3m Pinceladas"},"content":{"rendered":"<p>Taz\u00f3n Pip\u00f3m pinceladas colores: Violeta, Plomo, Rosa &#8211; Dimensiones 250cc &#8211;<\/p>\n<p>Tazones 100% hechos a mano, totalmente esmaltados.<\/p>\n<p>Consultar por variedad de colores.<\/p>\n","protected":false},"excerpt":{"rendered":"<p>Taz\u00f3n para mil usos!&#8230; Con estos tazones el arco\u00edris sale seguro!<\/p>\n<p>Para mas detalles del producto, ver la descripci\u00f3n. Consult\u00e1 Precio!<\/p>\n<p><em><span style=\"color: #ff6600;\"><strong><span style=\"color: #e0884c;\">Env\u00edo a cargo del comprador, contactanos para coordinarlo<\/span>.<\/strong><\/span><\/em><\/p>\n","protected":false},"featured_media":1062,"comment_status":"open","ping_status":"closed","template":"","meta":{"om_disable_all_campaigns":false,"_mi_skip_tracking":false},"product_cat":[17],"product_tag":[],"aioseo_notices":[],"_links":{"self":[{"href":"https:\/\/saloceramica.com\/index.php\/wp-json\/wp\/v2\/product\/81"}],"collection":[{"href":"https:\/\/saloceramica.com\/index.php\/wp-json\/wp\/v2\/product"}],"about":[{"href":"https:\/\/saloceramica.com\/index.php\/wp-json\/wp\/v2\/types\/product"}],"replies":[{"embeddable":true,"href":"https:\/\/saloceramica.com\/index.php\/wp-json\/wp\/v2\/comments?post=81"}],"wp:featuredmedia":[{"embeddable":true,"href":"https:\/\/saloceramica.com\/index.php\/wp-json\/wp\/v2\/media\/1062"}],"wp:attachment":[{"href":"https:\/\/saloceramica.com\/index.php\/wp-json\/wp\/v2\/media?parent=81"}],"wp:term":[{"taxonomy":"product_cat","embeddable":true,"href":"https:\/\/saloceramica.com\/index.php\/wp-json\/wp\/v2\/product_cat?post=81"},{"taxonomy":"product_tag","embeddable":true,"href":"https:\/\/saloceramica.com\/index.php\/wp-json\/wp\/v2\/product_tag?post=81"}],"curies":[{"name":"wp","href":"https:\/\/api.w.org\/{rel}","templated":true}]}}