{"id":80,"date":"2019-01-23T12:20:04","date_gmt":"2019-01-23T12:20:04","guid":{"rendered":"http:\/\/saloceramica.com\/index.php\/product\/star-cactus\/"},"modified":"2023-07-08T16:47:22","modified_gmt":"2023-07-08T16:47:22","slug":"tazon-pipom","status":"publish","type":"product","link":"https:\/\/saloceramica.com\/index.php\/product\/tazon-pipom\/","title":{"rendered":"Taz\u00f3n Pip\u00f3m"},"content":{"rendered":"<p>Taz\u00f3n Pip\u00f3m colores: Aqua, Nude &#8211; Dimensiones 250cc &#8211;<\/p>\n<p>Tazones 100% hechos a mano, totalmente esmaltados.<\/p>\n<p>Consultar por variedad de colores.<\/p>\n","protected":false},"excerpt":{"rendered":"<p>Taz\u00f3n para mil usos!&#8230; Con estos tazones el caf\u00e9 con leche se vuelve m\u00e1gico!<\/p>\n<p>Para mas detalles del producto, ver la descripci\u00f3n. Consult\u00e1 Precio!<\/p>\n<p><em><span style=\"color: #ff6600;\"><strong><span style=\"color: #e0884c;\">Env\u00edo a cargo del comprador, contactanos para coordinarlo<\/span>.<\/strong><\/span><\/em><\/p>\n","protected":false},"featured_media":1053,"comment_status":"open","ping_status":"closed","template":"","meta":{"om_disable_all_campaigns":false,"_mi_skip_tracking":false},"product_cat":[17],"product_tag":[],"aioseo_notices":[],"_links":{"self":[{"href":"https:\/\/saloceramica.com\/index.php\/wp-json\/wp\/v2\/product\/80"}],"collection":[{"href":"https:\/\/saloceramica.com\/index.php\/wp-json\/wp\/v2\/product"}],"about":[{"href":"https:\/\/saloceramica.com\/index.php\/wp-json\/wp\/v2\/types\/product"}],"replies":[{"embeddable":true,"href":"https:\/\/saloceramica.com\/index.php\/wp-json\/wp\/v2\/comments?post=80"}],"wp:featuredmedia":[{"embeddable":true,"href":"https:\/\/saloceramica.com\/index.php\/wp-json\/wp\/v2\/media\/1053"}],"wp:attachment":[{"href":"https:\/\/saloceramica.com\/index.php\/wp-json\/wp\/v2\/media?parent=80"}],"wp:term":[{"taxonomy":"product_cat","embeddable":true,"href":"https:\/\/saloceramica.com\/index.php\/wp-json\/wp\/v2\/product_cat?post=80"},{"taxonomy":"product_tag","embeddable":true,"href":"https:\/\/saloceramica.com\/index.php\/wp-json\/wp\/v2\/product_tag?post=80"}],"curies":[{"name":"wp","href":"https:\/\/api.w.org\/{rel}","templated":true}]}}