{"id":651,"date":"2021-07-28T18:48:13","date_gmt":"2021-07-28T18:48:13","guid":{"rendered":"http:\/\/saloceramica.com\/?post_type=product&#038;p=651"},"modified":"2023-07-08T16:34:45","modified_gmt":"2023-07-08T16:34:45","slug":"cuencos-cielo-de-amor","status":"publish","type":"product","link":"https:\/\/saloceramica.com\/index.php\/product\/cuencos-cielo-de-amor\/","title":{"rendered":"Cuencos Cielo de Amor"},"content":{"rendered":"<p>Set de 6 cuencos, color: Aqua \u2013 Tama\u00f1os: 1 Cuenco de 17,5\u00d76,5 cm, 1 Cuenco de 12\u00d74 cm,\u00a0 2 Cuencos de 9\u00d73 cm, y 2 Cuencos de 7 x 3 cm \u2013<\/p>\n<p>Cuencos 100% hechos a mano, totalmente esmaltados.<\/p>\n<p>Consultar por mas variedad de colores.<\/p>\n","protected":false},"excerpt":{"rendered":"<p>Juegos de cuencos para super picadas, amor y color en tus comidas!<\/p>\n<p>Set ideal para la picada de la hora del vermut&#8230; Ese momento m\u00e1gico donde nos vamos acercando a la mesa!<\/p>\n<p>Para mas detalles del producto, ver la descripci\u00f3n. Consult\u00e1 Precio!<\/p>\n<p><em><span style=\"color: #ff6600;\"><strong><span style=\"color: #e0884c;\">Env\u00edo a cargo del comprador, contactanos para coordinarlo<\/span>.<\/strong><\/span><\/em><\/p>\n","protected":false},"featured_media":652,"comment_status":"open","ping_status":"closed","template":"","meta":{"om_disable_all_campaigns":false,"_mi_skip_tracking":false},"product_cat":[17],"product_tag":[],"aioseo_notices":[],"_links":{"self":[{"href":"https:\/\/saloceramica.com\/index.php\/wp-json\/wp\/v2\/product\/651"}],"collection":[{"href":"https:\/\/saloceramica.com\/index.php\/wp-json\/wp\/v2\/product"}],"about":[{"href":"https:\/\/saloceramica.com\/index.php\/wp-json\/wp\/v2\/types\/product"}],"replies":[{"embeddable":true,"href":"https:\/\/saloceramica.com\/index.php\/wp-json\/wp\/v2\/comments?post=651"}],"wp:featuredmedia":[{"embeddable":true,"href":"https:\/\/saloceramica.com\/index.php\/wp-json\/wp\/v2\/media\/652"}],"wp:attachment":[{"href":"https:\/\/saloceramica.com\/index.php\/wp-json\/wp\/v2\/media?parent=651"}],"wp:term":[{"taxonomy":"product_cat","embeddable":true,"href":"https:\/\/saloceramica.com\/index.php\/wp-json\/wp\/v2\/product_cat?post=651"},{"taxonomy":"product_tag","embeddable":true,"href":"https:\/\/saloceramica.com\/index.php\/wp-json\/wp\/v2\/product_tag?post=651"}],"curies":[{"name":"wp","href":"https:\/\/api.w.org\/{rel}","templated":true}]}}