{"id":642,"date":"2021-07-28T18:31:22","date_gmt":"2021-07-28T18:31:22","guid":{"rendered":"http:\/\/saloceramica.com\/?post_type=product&#038;p=642"},"modified":"2023-07-08T16:35:51","modified_gmt":"2023-07-08T16:35:51","slug":"capas-de-amor","status":"publish","type":"product","link":"https:\/\/saloceramica.com\/index.php\/product\/capas-de-amor\/","title":{"rendered":"Set Capas de Amor"},"content":{"rendered":"<p>Set de plato ovalado y 4 cuencos, colores: Aqua, Lim\u00f3n y Naranja \u2013 Tama\u00f1os: 1 Plato ovalado de 26&#215;20 cm, 2 Cuencos chicos de 11\u00d74 cm, 2 Cuencos grandes de 14\u00d74,5 cm \u2013<\/p>\n<p>Cuencos 100% hechos a mano, totalmente esmaltados.<\/p>\n<p>Consultar por mas variedad de colores.<\/p>\n","protected":false},"excerpt":{"rendered":"<p>Juegos de Plato y cuencos para mil usos, amor y color en tus comidas!<\/p>\n<p>Con este set tus comidas tendr\u00e1n sabor a prestigio!<\/p>\n<p>Para mas detalles del producto, ver la descripci\u00f3n. Consult\u00e1 Precio!<\/p>\n<p><em><span style=\"color: #ff6600;\"><strong><span style=\"color: #e0884c;\">Env\u00edo a cargo del comprador, contactanos para coordinarlo<\/span>.<\/strong><\/span><\/em><\/p>\n","protected":false},"featured_media":643,"comment_status":"open","ping_status":"closed","template":"","meta":{"om_disable_all_campaigns":false,"_mi_skip_tracking":false},"product_cat":[17],"product_tag":[],"aioseo_notices":[],"_links":{"self":[{"href":"https:\/\/saloceramica.com\/index.php\/wp-json\/wp\/v2\/product\/642"}],"collection":[{"href":"https:\/\/saloceramica.com\/index.php\/wp-json\/wp\/v2\/product"}],"about":[{"href":"https:\/\/saloceramica.com\/index.php\/wp-json\/wp\/v2\/types\/product"}],"replies":[{"embeddable":true,"href":"https:\/\/saloceramica.com\/index.php\/wp-json\/wp\/v2\/comments?post=642"}],"wp:featuredmedia":[{"embeddable":true,"href":"https:\/\/saloceramica.com\/index.php\/wp-json\/wp\/v2\/media\/643"}],"wp:attachment":[{"href":"https:\/\/saloceramica.com\/index.php\/wp-json\/wp\/v2\/media?parent=642"}],"wp:term":[{"taxonomy":"product_cat","embeddable":true,"href":"https:\/\/saloceramica.com\/index.php\/wp-json\/wp\/v2\/product_cat?post=642"},{"taxonomy":"product_tag","embeddable":true,"href":"https:\/\/saloceramica.com\/index.php\/wp-json\/wp\/v2\/product_tag?post=642"}],"curies":[{"name":"wp","href":"https:\/\/api.w.org\/{rel}","templated":true}]}}