{"id":1192,"date":"2021-12-16T20:41:00","date_gmt":"2021-12-16T20:41:00","guid":{"rendered":"https:\/\/saloceramica.com\/?post_type=product&#038;p=1192"},"modified":"2023-07-08T16:12:07","modified_gmt":"2023-07-08T16:12:07","slug":"set-de-picadas-galaxia","status":"publish","type":"product","link":"https:\/\/saloceramica.com\/index.php\/product\/set-de-picadas-galaxia\/","title":{"rendered":"Set de picadas Galaxia"},"content":{"rendered":"<p>Set de 6 cuencos, colores: Cielo y Nude \u2013 Tama\u00f1os: 1 Cuenco de 15\u00d79 cm, 1 Cuenco de 10\u00d79 cm, 2 Cuencos de 13\u00d76,5 cm y 2 Cuencos de 7\u00d73 cm \u2013<\/p>\n<p>Cuencos 100% hechos a mano, totalmente esmaltados.<\/p>\n<p>Consultar por mas variedad de colores.<\/p>\n","protected":false},"excerpt":{"rendered":"<p>Seis cuencos de diferentes tama\u00f1os para acompa\u00f1arte en todas tus comidas!<\/p>\n<p>Para mas detalles del producto, ver la descripci\u00f3n. Consulta Precio!<\/p>\n<p><em><strong>Env\u00edo a cargo del comprador, contactanos para coordinarlo.<\/strong><\/em><\/p>\n","protected":false},"featured_media":1185,"comment_status":"open","ping_status":"closed","template":"","meta":{"om_disable_all_campaigns":false,"_mi_skip_tracking":false},"product_cat":[17],"product_tag":[],"aioseo_notices":[],"_links":{"self":[{"href":"https:\/\/saloceramica.com\/index.php\/wp-json\/wp\/v2\/product\/1192"}],"collection":[{"href":"https:\/\/saloceramica.com\/index.php\/wp-json\/wp\/v2\/product"}],"about":[{"href":"https:\/\/saloceramica.com\/index.php\/wp-json\/wp\/v2\/types\/product"}],"replies":[{"embeddable":true,"href":"https:\/\/saloceramica.com\/index.php\/wp-json\/wp\/v2\/comments?post=1192"}],"wp:featuredmedia":[{"embeddable":true,"href":"https:\/\/saloceramica.com\/index.php\/wp-json\/wp\/v2\/media\/1185"}],"wp:attachment":[{"href":"https:\/\/saloceramica.com\/index.php\/wp-json\/wp\/v2\/media?parent=1192"}],"wp:term":[{"taxonomy":"product_cat","embeddable":true,"href":"https:\/\/saloceramica.com\/index.php\/wp-json\/wp\/v2\/product_cat?post=1192"},{"taxonomy":"product_tag","embeddable":true,"href":"https:\/\/saloceramica.com\/index.php\/wp-json\/wp\/v2\/product_tag?post=1192"}],"curies":[{"name":"wp","href":"https:\/\/api.w.org\/{rel}","templated":true}]}}