{"id":15,"date":"2020-08-20T07:29:55","date_gmt":"2020-08-20T07:29:55","guid":{"rendered":"http:\/\/saloceramica.com\/index.php\/home\/"},"modified":"2022-03-02T20:06:35","modified_gmt":"2022-03-02T20:06:35","slug":"home","status":"publish","type":"page","link":"https:\/\/saloceramica.com\/","title":{"rendered":"Home"},"content":{"rendered":"\n<div class=\"wp-block-nextend-smartslider3\"><\/div>\n\n\n\n<div style=\"height:11px\" aria-hidden=\"true\" class=\"wp-block-spacer\"><\/div>\n\n\n\n<div class=\"wp-block-cover aligncenter is-light\" style=\"min-height:100px\"><span aria-hidden=\"true\" class=\"has-white-background-color has-background-dim-100 wp-block-cover__gradient-background has-background-dim\"><\/span><div class=\"wp-block-cover__inner-container\">\n<p><\/p>\n\n\n\n<div style=\"height:40px\" aria-hidden=\"true\" class=\"wp-block-spacer\"><\/div>\n\n\n\n<p class=\"has-text-align-center has-black-color has-text-color has-large-font-size\">Quedan invitados a recorrer este espacio y conocer estos productos hechos con mucho amor!<\/p>\n\n\n\n<div style=\"height:30px\" aria-hidden=\"true\" class=\"wp-block-spacer\"><\/div>\n\n\n\n<p><\/p>\n\n\n\n<p><\/p>\n\n\n\n<figure class=\"wp-block-image size-large\"><img decoding=\"async\" loading=\"lazy\" width=\"1024\" height=\"576\" src=\"https:\/\/saloceramica.com\/wp-content\/uploads\/2021\/12\/WhatsApp-Image-2021-12-03-at-5.10.25-PM-1-1024x576.jpeg\" alt=\"\" class=\"wp-image-1176\" srcset=\"https:\/\/saloceramica.com\/wp-content\/uploads\/2021\/12\/WhatsApp-Image-2021-12-03-at-5.10.25-PM-1-1024x576.jpeg 1024w, https:\/\/saloceramica.com\/wp-content\/uploads\/2021\/12\/WhatsApp-Image-2021-12-03-at-5.10.25-PM-1-300x169.jpeg 300w, https:\/\/saloceramica.com\/wp-content\/uploads\/2021\/12\/WhatsApp-Image-2021-12-03-at-5.10.25-PM-1-768x432.jpeg 768w, https:\/\/saloceramica.com\/wp-content\/uploads\/2021\/12\/WhatsApp-Image-2021-12-03-at-5.10.25-PM-1-600x338.jpeg 600w, https:\/\/saloceramica.com\/wp-content\/uploads\/2021\/12\/WhatsApp-Image-2021-12-03-at-5.10.25-PM-1.jpeg 1280w\" sizes=\"(max-width: 1024px) 100vw, 1024px\" \/><\/figure>\n\n\n\n<p class=\"has-text-align-center has-black-color has-text-color has-large-font-size\">Compr\u00e1 sin moverte de tu casa! <\/p>\n\n\n\n<div class=\"is-layout-flex wp-container-4 wp-block-columns\">\n<div class=\"is-layout-flow wp-block-column\" style=\"flex-basis:100%\">\n<figure class=\"is-layout-flex wp-block-gallery-1 wp-block-gallery has-nested-images columns-default is-cropped\">\n<figure class=\"wp-block-image size-full\"><img decoding=\"async\" loading=\"lazy\" width=\"1280\" height=\"234\" src=\"https:\/\/saloceramica.com\/wp-content\/uploads\/2021\/05\/Todos-los-medios-de-pago-FINAL-1.png\" alt=\"\" class=\"wp-image-362\" srcset=\"https:\/\/saloceramica.com\/wp-content\/uploads\/2021\/05\/Todos-los-medios-de-pago-FINAL-1.png 1280w, https:\/\/saloceramica.com\/wp-content\/uploads\/2021\/05\/Todos-los-medios-de-pago-FINAL-1-300x55.png 300w, https:\/\/saloceramica.com\/wp-content\/uploads\/2021\/05\/Todos-los-medios-de-pago-FINAL-1-1024x187.png 1024w, https:\/\/saloceramica.com\/wp-content\/uploads\/2021\/05\/Todos-los-medios-de-pago-FINAL-1-768x140.png 768w, https:\/\/saloceramica.com\/wp-content\/uploads\/2021\/05\/Todos-los-medios-de-pago-FINAL-1-600x110.png 600w\" sizes=\"(max-width: 1280px) 100vw, 1280px\" \/><\/figure>\n\n\n\n<figure class=\"wp-block-image size-full\"><img decoding=\"async\" loading=\"lazy\" width=\"1094\" height=\"200\" src=\"https:\/\/saloceramica.com\/wp-content\/uploads\/2021\/05\/Todos-los-medios-de-pago-FINAL-2.png\" alt=\"\" class=\"wp-image-365\" srcset=\"https:\/\/saloceramica.com\/wp-content\/uploads\/2021\/05\/Todos-los-medios-de-pago-FINAL-2.png 1094w, https:\/\/saloceramica.com\/wp-content\/uploads\/2021\/05\/Todos-los-medios-de-pago-FINAL-2-300x55.png 300w, https:\/\/saloceramica.com\/wp-content\/uploads\/2021\/05\/Todos-los-medios-de-pago-FINAL-2-1024x187.png 1024w, https:\/\/saloceramica.com\/wp-content\/uploads\/2021\/05\/Todos-los-medios-de-pago-FINAL-2-768x140.png 768w, https:\/\/saloceramica.com\/wp-content\/uploads\/2021\/05\/Todos-los-medios-de-pago-FINAL-2-600x110.png 600w\" sizes=\"(max-width: 1094px) 100vw, 1094px\" \/><\/figure>\n<\/figure>\n<\/div>\n<\/div>\n\n\n\n<p class=\"has-text-align-center has-black-color has-text-color has-large-font-size\">Env\u00edos a todo el pa\u00eds<\/p>\n\n\n\n<div class=\"is-horizontal is-content-justification-center is-layout-flex wp-container-5 wp-block-buttons\">\n<div class=\"wp-block-button\"><a class=\"wp-block-button__link\" href=\"https:\/\/saloceramica.com\/index.php\/store\/\">COMPRAR AHORA<\/a><\/div>\n<\/div>\n<\/div><\/div>\n\n\n\n<div class=\"is-layout-flow wp-block-group\"><div class=\"wp-block-group__inner-container\">\n<div class=\"is-layout-flex wp-container-9 wp-block-columns are-vertically-aligned-center\">\n<div class=\"is-layout-flow wp-block-column is-vertically-aligned-center\">\n<div class=\"wp-block-media-text alignwide is-vertically-aligned-center\" style=\"grid-template-columns:15% auto\"><figure class=\"wp-block-media-text__media\"><img decoding=\"async\" src=\"https:\/\/saloceramica.com\/wp-content\/uploads\/2021\/05\/Fb_Salo_perfil.jpg\" alt=\"\" class=\"wp-image-303 size-full\"\/><\/figure><div class=\"wp-block-media-text__content\">\n<h5>Colecci\u00f3n 2021<\/h5>\n\n\n<div data-block-name=\"woocommerce\/product-categories\" class=\"wp-block-woocommerce-product-categories wc-block-product-categories is-list \" style=\"\"><ul class=\"wc-block-product-categories-list wc-block-product-categories-list--depth-0\">\t\t\t\t<li class=\"wc-block-product-categories-list-item\">\t\t\t\t\t<a style=\"\" href=\"https:\/\/saloceramica.com\/index.php\/product-category\/bazar\/\"><span class=\"wc-block-product-categories-list-item__name\">Bazar<\/span><\/a><span class=\"wc-block-product-categories-list-item-count\"><span aria-hidden=\"true\">21<\/span><span class=\"screen-reader-text\">21 productos<\/span><\/span>\t\t\t\t<\/li>\t\t\t\t\t\t\t<li class=\"wc-block-product-categories-list-item\">\t\t\t\t\t<a style=\"\" href=\"https:\/\/saloceramica.com\/index.php\/product-category\/deco_hogar\/\"><span class=\"wc-block-product-categories-list-item__name\">Deco &amp; Hogar<\/span><\/a><span class=\"wc-block-product-categories-list-item-count\"><span aria-hidden=\"true\">4<\/span><span class=\"screen-reader-text\">4 productos<\/span><\/span>\t\t\t\t<\/li>\t\t\t\t\t\t\t<li class=\"wc-block-product-categories-list-item\">\t\t\t\t\t<a style=\"\" href=\"https:\/\/saloceramica.com\/index.php\/product-category\/linea-joven\/\"><span class=\"wc-block-product-categories-list-item__name\">L\u00ednea Joven<\/span><\/a><span class=\"wc-block-product-categories-list-item-count\"><span aria-hidden=\"true\">1<\/span><span class=\"screen-reader-text\">1 producto<\/span><\/span>\t\t\t\t<\/li>\t\t\t<\/ul><\/div>\n\n\n<p><\/p>\n<\/div><\/div>\n<\/div>\n\n\n\n<div class=\"is-layout-flow wp-block-column is-vertically-aligned-center\">\n<div class=\"wp-block-media-text alignwide is-vertically-aligned-center\" style=\"grid-template-columns:15% auto\"><figure class=\"wp-block-media-text__media\"><img decoding=\"async\" src=\"https:\/\/saloceramica.com\/wp-content\/uploads\/2021\/05\/Fb_Salo_perfil.jpg\" alt=\"\" class=\"wp-image-303 size-full\"\/><\/figure><div class=\"wp-block-media-text__content\">\n<h5>Talleres<\/h5>\n\n\n\n<p>Talleres On-Line y presenciales, la inscripci\u00f3n podes realizarla en cualquier momento del a\u00f1o!<\/p>\n<\/div><\/div>\n<\/div>\n\n\n\n<div class=\"is-layout-flow wp-block-column is-vertically-aligned-center\">\n<div class=\"wp-block-media-text alignwide is-vertically-aligned-center\" style=\"grid-template-columns:15% auto\"><figure class=\"wp-block-media-text__media\"><img decoding=\"async\" src=\"https:\/\/saloceramica.com\/wp-content\/uploads\/2021\/05\/Fb_Salo_perfil.jpg\" alt=\"\" class=\"wp-image-303 size-full\"\/><\/figure><div class=\"wp-block-media-text__content\">\n<h5>Ventas de Insumos<\/h5>\n\n\n\n<p>Pinceles, Herramientas, Estacas, Diferentes tipos de arcilla.<\/p>\n<\/div><\/div>\n<\/div>\n<\/div>\n\n\n\n<div class=\"is-layout-flex wp-container-16 wp-block-columns are-vertically-aligned-center\">\n<div class=\"is-layout-flow wp-block-column is-vertically-aligned-center\">\n<div class=\"is-layout-flow wp-block-group has-background\" style=\"background-color:#efeef4\"><div class=\"wp-block-group__inner-container\">\n<figure class=\"wp-block-image size-large\"><img decoding=\"async\" loading=\"lazy\" width=\"1024\" height=\"1024\" src=\"https:\/\/saloceramica.com\/wp-content\/uploads\/2021\/05\/20210525_125718-1024x1024.jpg\" alt=\"\" class=\"wp-image-419\" srcset=\"https:\/\/saloceramica.com\/wp-content\/uploads\/2021\/05\/20210525_125718-1024x1024.jpg 1024w, https:\/\/saloceramica.com\/wp-content\/uploads\/2021\/05\/20210525_125718-300x300.jpg 300w, https:\/\/saloceramica.com\/wp-content\/uploads\/2021\/05\/20210525_125718-150x150.jpg 150w, https:\/\/saloceramica.com\/wp-content\/uploads\/2021\/05\/20210525_125718-768x768.jpg 768w, https:\/\/saloceramica.com\/wp-content\/uploads\/2021\/05\/20210525_125718-1536x1536.jpg 1536w, https:\/\/saloceramica.com\/wp-content\/uploads\/2021\/05\/20210525_125718-2048x2048.jpg 2048w, https:\/\/saloceramica.com\/wp-content\/uploads\/2021\/05\/20210525_125718-600x600.jpg 600w, https:\/\/saloceramica.com\/wp-content\/uploads\/2021\/05\/20210525_125718-100x100.jpg 100w\" sizes=\"(max-width: 1024px) 100vw, 1024px\" \/><\/figure>\n\n\n\n<p class=\"has-text-color has-small-font-size\" style=\"color:#e49970\"><a href=\"https:\/\/saloceramica.com\/index.php\/store\/#Coleccion\" title=\"https:\/\/saloceramica.com\/index.php\/store\/#Coleccion\"><strong>VER COLECCION<\/strong><\/a><\/p>\n<\/div><\/div>\n<\/div>\n\n\n\n<div class=\"is-layout-flow wp-block-column is-vertically-aligned-center\">\n<div class=\"is-layout-flow wp-block-group has-background\" style=\"background-color:#efeef4\"><div class=\"wp-block-group__inner-container\">\n<figure class=\"wp-block-image size-large\"><img decoding=\"async\" loading=\"lazy\" width=\"1024\" height=\"1024\" src=\"https:\/\/saloceramica.com\/wp-content\/uploads\/2021\/05\/IMG-20210521-WA0038-1024x1024.jpg\" alt=\"\" class=\"wp-image-351\" srcset=\"https:\/\/saloceramica.com\/wp-content\/uploads\/2021\/05\/IMG-20210521-WA0038.jpg 1024w, https:\/\/saloceramica.com\/wp-content\/uploads\/2021\/05\/IMG-20210521-WA0038-300x300.jpg 300w, https:\/\/saloceramica.com\/wp-content\/uploads\/2021\/05\/IMG-20210521-WA0038-150x150.jpg 150w, https:\/\/saloceramica.com\/wp-content\/uploads\/2021\/05\/IMG-20210521-WA0038-768x768.jpg 768w, https:\/\/saloceramica.com\/wp-content\/uploads\/2021\/05\/IMG-20210521-WA0038-600x600.jpg 600w, https:\/\/saloceramica.com\/wp-content\/uploads\/2021\/05\/IMG-20210521-WA0038-100x100.jpg 100w\" sizes=\"(max-width: 1024px) 100vw, 1024px\" \/><\/figure>\n\n\n\n<p class=\"has-text-color has-small-font-size\" style=\"color:#e49970\"><a href=\"#Talleres2\" title=\"#Talleres2\"><strong>MAS DETALLES<\/strong><\/a><\/p>\n<\/div><\/div>\n<\/div>\n\n\n\n<div class=\"is-layout-flow wp-block-column is-vertically-aligned-center\">\n<div class=\"is-layout-flow wp-block-group has-background\" style=\"background-color:#efeef4\"><div class=\"wp-block-group__inner-container\">\n<figure class=\"wp-block-image size-large\"><img decoding=\"async\" loading=\"lazy\" width=\"1024\" height=\"1024\" src=\"https:\/\/saloceramica.com\/wp-content\/uploads\/2021\/05\/IMG-20210521-WA0037-1-1024x1024.jpg\" alt=\"\" class=\"wp-image-349\" srcset=\"https:\/\/saloceramica.com\/wp-content\/uploads\/2021\/05\/IMG-20210521-WA0037-1.jpg 1024w, https:\/\/saloceramica.com\/wp-content\/uploads\/2021\/05\/IMG-20210521-WA0037-1-300x300.jpg 300w, https:\/\/saloceramica.com\/wp-content\/uploads\/2021\/05\/IMG-20210521-WA0037-1-150x150.jpg 150w, https:\/\/saloceramica.com\/wp-content\/uploads\/2021\/05\/IMG-20210521-WA0037-1-768x768.jpg 768w, https:\/\/saloceramica.com\/wp-content\/uploads\/2021\/05\/IMG-20210521-WA0037-1-600x600.jpg 600w, https:\/\/saloceramica.com\/wp-content\/uploads\/2021\/05\/IMG-20210521-WA0037-1-100x100.jpg 100w\" sizes=\"(max-width: 1024px) 100vw, 1024px\" \/><\/figure>\n\n\n\n<p class=\"has-small-font-size\"><a href=\"#\"><strong>VER COLECCION<\/strong><\/a><\/p>\n<\/div><\/div>\n<\/div>\n<\/div>\n<\/div><\/div>\n\n\n\n<div class=\"is-layout-flow wp-block-group alignfull has-background\" style=\"background-color:#f9f9f9\"><div class=\"wp-block-group__inner-container\">\n<h2 class=\"has-text-align-center\">Productos Destacados<\/h2>\n\n\n\n<p class=\"has-text-align-center\">Productos artesanales de excelente calidad<\/p>\n\n\n<div class=\"woocommerce columns-4 \"><ul class=\"products columns-4\">\n<li class=\"product type-product post-1198 status-publish first instock product_cat-linea-joven has-post-thumbnail featured taxable shipping-taxable product-type-variable\">\n\t<\/li>\n<li class=\"product type-product post-86 status-publish instock product_cat-bazar has-post-thumbnail featured taxable shipping-taxable product-type-variable has-default-attributes\">\n\t<\/li>\n<li class=\"product type-product post-84 status-publish instock product_cat-bazar has-post-thumbnail featured taxable shipping-taxable product-type-simple\">\n\t<\/li>\n<li class=\"product type-product post-1194 status-publish last outofstock product_cat-bazar has-post-thumbnail featured taxable shipping-taxable product-type-variable\">\n\t<\/li>\n<li class=\"product type-product post-1190 status-publish first instock product_cat-bazar has-post-thumbnail featured taxable shipping-taxable product-type-variable\">\n\t<\/li>\n<li class=\"product type-product post-87 status-publish instock product_cat-bazar has-post-thumbnail featured taxable shipping-taxable product-type-variable\">\n\t<\/li>\n<li class=\"product type-product post-1193 status-publish instock product_cat-bazar has-post-thumbnail featured taxable shipping-taxable product-type-simple\">\n\t<\/li>\n<li class=\"product type-product post-1191 status-publish last instock product_cat-bazar has-post-thumbnail featured taxable shipping-taxable product-type-variable\">\n\t<\/li>\n<\/ul>\n<\/div>\n<\/div><\/div>\n\n\n\n<div class=\"is-layout-flow wp-block-group alignfull has-white-background-color has-background\"><div class=\"wp-block-group__inner-container\">\n<div class=\"is-layout-flex wp-container-21 wp-block-columns\">\n<div class=\"is-layout-flow wp-block-column\" style=\"flex-basis:33.33%\">\n<h3>Piezas de cer\u00e1mica personalizadas!<\/h3>\n\n\n\n<p class=\"has-small-font-size\"><a href=\"https:\/\/saloceramica.com\/index.php\/contacto\/\" title=\"https:\/\/saloceramica.com\/index.php\/contacto\/\">Cont\u00e1ctanos<\/a><\/p>\n<\/div>\n\n\n\n<div class=\"is-layout-flow wp-block-column\" style=\"flex-basis:66.66%\">\n<p>Ped\u00ed tus piezas personalizadas!<\/p>\n\n\n\n<p>Para que ese regalo o ese presente sean \u00fanicos, pod\u00e9s contarnos qu\u00e9 te gustar\u00eda, en que colores y motivos y as\u00ed personalizar las piezas de <strong><em>Sal\u00f3 Cer\u00e1mica<\/em><\/strong> para que te acompa\u00f1en a vos y a tu familia o para tu negocio y darles ese toque especial y \u00fanico!<\/p>\n\n\n\n<p>Regalos &#8211;&nbsp; souvenirs &#8211; detalles de decoraci\u00f3n &#8211; Para el hogar<\/p>\n<\/div>\n<\/div>\n<\/div><\/div>\n\n\n\n<hr class=\"wp-block-separator has-text-color has-background is-style-wide\" style=\"background-color:#efeef4;color:#efeef4\"\/>\n\n\n\n<div class=\"is-layout-flow wp-block-group alignfull has-white-background-color has-background\" id=\"Talleres2\"><div class=\"wp-block-group__inner-container\">\n<div class=\"is-layout-flex wp-container-25 wp-block-columns\">\n<div class=\"is-layout-flow wp-block-column\" id=\"Talleres\">\n<h2>Talleres de cer\u00e1mica<\/h2>\n\n\n\n<p>Talleres de modelado de arcilla y decoraci\u00f3n de piezas, en donde los participantes podr\u00e1n trabajar sobre un proyecto personal, abordando la realizaci\u00f3n del mismo, con las t\u00e9cnicas aprendidas durante las clases. <\/p>\n\n\n\n<div style=\"height:30px\" aria-hidden=\"true\" class=\"wp-block-spacer\"><\/div>\n\n\n\n<div class=\"wp-block-media-text alignwide is-stacked-on-mobile has-background\" style=\"background-color:#f9f9f9;grid-template-columns:41% auto\"><figure class=\"wp-block-media-text__media\"><img decoding=\"async\" loading=\"lazy\" width=\"576\" height=\"1024\" src=\"https:\/\/saloceramica.com\/wp-content\/uploads\/2021\/07\/20210729_145245-576x1024.jpg\" alt=\"\" class=\"wp-image-658 size-full\" srcset=\"https:\/\/saloceramica.com\/wp-content\/uploads\/2021\/07\/20210729_145245-576x1024.jpg 576w, https:\/\/saloceramica.com\/wp-content\/uploads\/2021\/07\/20210729_145245-169x300.jpg 169w, https:\/\/saloceramica.com\/wp-content\/uploads\/2021\/07\/20210729_145245-768x1365.jpg 768w, https:\/\/saloceramica.com\/wp-content\/uploads\/2021\/07\/20210729_145245-864x1536.jpg 864w, https:\/\/saloceramica.com\/wp-content\/uploads\/2021\/07\/20210729_145245-1152x2048.jpg 1152w, https:\/\/saloceramica.com\/wp-content\/uploads\/2021\/07\/20210729_145245-600x1067.jpg 600w, https:\/\/saloceramica.com\/wp-content\/uploads\/2021\/07\/20210729_145245-scaled.jpg 1440w\" sizes=\"(max-width: 576px) 100vw, 576px\" \/><\/figure><div class=\"wp-block-media-text__content\">\n<p>Taller On-line o presencial para Principiantes<\/p>\n\n\n\n<p>Taller On-Line o presencial Avanzado<\/p>\n\n\n\n<p><\/p>\n\n\n\n<p>Seminarios &#8211; Workshops<\/p>\n\n\n\n<h5><\/h5>\n\n\n\n<p class=\"has-small-font-size\"><\/p>\n<\/div><\/div>\n<\/div>\n\n\n\n<div class=\"is-layout-flow wp-block-column\">\n<div class=\"wp-block-media-text alignwide is-stacked-on-mobile has-background\" style=\"background-color:#f9f9f9;grid-template-columns:41% auto\"><figure class=\"wp-block-media-text__media\"><img decoding=\"async\" loading=\"lazy\" width=\"576\" height=\"1024\" src=\"https:\/\/saloceramica.com\/wp-content\/uploads\/2021\/07\/20210728_193852-576x1024.jpg\" alt=\"\" class=\"wp-image-656 size-full\" srcset=\"https:\/\/saloceramica.com\/wp-content\/uploads\/2021\/07\/20210728_193852-576x1024.jpg 576w, https:\/\/saloceramica.com\/wp-content\/uploads\/2021\/07\/20210728_193852-169x300.jpg 169w, https:\/\/saloceramica.com\/wp-content\/uploads\/2021\/07\/20210728_193852-768x1365.jpg 768w, https:\/\/saloceramica.com\/wp-content\/uploads\/2021\/07\/20210728_193852-864x1536.jpg 864w, https:\/\/saloceramica.com\/wp-content\/uploads\/2021\/07\/20210728_193852-1152x2048.jpg 1152w, https:\/\/saloceramica.com\/wp-content\/uploads\/2021\/07\/20210728_193852-600x1067.jpg 600w, https:\/\/saloceramica.com\/wp-content\/uploads\/2021\/07\/20210728_193852-scaled.jpg 1440w\" sizes=\"(max-width: 576px) 100vw, 576px\" \/><\/figure><div class=\"wp-block-media-text__content\">\n<p><strong>Modalidad Virtual<\/strong><\/p>\n\n\n\n<p>4 clases te\u00f3rico-practicas por mes de 2 hrs de duraci\u00f3n cada una.<\/p>\n\n\n\n<p><a href=\"https:\/\/saloceramica.com\/?page_id=710&amp;preview=true\" title=\"https:\/\/saloceramica.com\/?page_id=710&amp;preview=true\"><strong>Inscribirse<\/strong><\/a><\/p>\n\n\n\n<p><strong>Modalidad Presencial<\/strong><\/p>\n\n\n\n<p>Pr\u00f3ximamente<\/p>\n\n\n\n<h5><\/h5>\n\n\n\n<p class=\"has-small-font-size\"><\/p>\n<\/div><\/div>\n\n\n\n<div style=\"height:30px\" aria-hidden=\"true\" class=\"wp-block-spacer\"><\/div>\n\n\n\n<div class=\"wp-block-media-text alignwide is-stacked-on-mobile has-background\" style=\"background-color:#f9f9f9;grid-template-columns:41% auto\"><figure class=\"wp-block-media-text__media\"><img decoding=\"async\" loading=\"lazy\" width=\"576\" height=\"1024\" src=\"https:\/\/saloceramica.com\/wp-content\/uploads\/2021\/07\/20210730_174517-576x1024.jpg\" alt=\"\" class=\"wp-image-659 size-full\" srcset=\"https:\/\/saloceramica.com\/wp-content\/uploads\/2021\/07\/20210730_174517-576x1024.jpg 576w, https:\/\/saloceramica.com\/wp-content\/uploads\/2021\/07\/20210730_174517-169x300.jpg 169w, https:\/\/saloceramica.com\/wp-content\/uploads\/2021\/07\/20210730_174517-768x1365.jpg 768w, https:\/\/saloceramica.com\/wp-content\/uploads\/2021\/07\/20210730_174517-864x1536.jpg 864w, https:\/\/saloceramica.com\/wp-content\/uploads\/2021\/07\/20210730_174517-1152x2048.jpg 1152w, https:\/\/saloceramica.com\/wp-content\/uploads\/2021\/07\/20210730_174517-600x1067.jpg 600w, https:\/\/saloceramica.com\/wp-content\/uploads\/2021\/07\/20210730_174517-scaled.jpg 1440w\" sizes=\"(max-width: 576px) 100vw, 576px\" \/><\/figure><div class=\"wp-block-media-text__content\">\n<p>El valor de la cuota incluye: <\/p>\n\n\n\n<p>Materiales para trabajar en las clases, introducci\u00f3n te\u00f3rico-practica, horneado de piezas que se realizan durante las clases (2 horneadas y esmaltado) <\/p>\n\n\n\n<p><\/p>\n\n\n\n<h5><\/h5>\n\n\n\n<p class=\"has-small-font-size\"><\/p>\n<\/div><\/div>\n<\/div>\n<\/div>\n<\/div><\/div>\n\n\n\n<div class=\"wp-block-cover alignfull is-light\" style=\"min-height:450px\"><span aria-hidden=\"true\" class=\"has-white-background-color has-background-dim-0 wp-block-cover__gradient-background has-background-dim\"><\/span><img decoding=\"async\" loading=\"lazy\" width=\"2019\" height=\"743\" class=\"wp-block-cover__image-background wp-image-369\" alt=\"\" src=\"https:\/\/saloceramica.com\/wp-content\/uploads\/2021\/05\/cuencode-picadas-transparente-1.png\" style=\"object-position:52% 100%\" data-object-fit=\"cover\" data-object-position=\"52% 100%\" srcset=\"https:\/\/saloceramica.com\/wp-content\/uploads\/2021\/05\/cuencode-picadas-transparente-1.png 2019w, https:\/\/saloceramica.com\/wp-content\/uploads\/2021\/05\/cuencode-picadas-transparente-1-300x110.png 300w, https:\/\/saloceramica.com\/wp-content\/uploads\/2021\/05\/cuencode-picadas-transparente-1-1024x377.png 1024w, https:\/\/saloceramica.com\/wp-content\/uploads\/2021\/05\/cuencode-picadas-transparente-1-768x283.png 768w, https:\/\/saloceramica.com\/wp-content\/uploads\/2021\/05\/cuencode-picadas-transparente-1-1536x565.png 1536w, https:\/\/saloceramica.com\/wp-content\/uploads\/2021\/05\/cuencode-picadas-transparente-1-600x221.png 600w\" sizes=\"(max-width: 2019px) 100vw, 2019px\" \/><div class=\"wp-block-cover__inner-container\">\n<div style=\"height:130px\" aria-hidden=\"true\" class=\"wp-block-spacer\"><\/div>\n\n\n\n<h2 class=\"has-text-align-center has-text-color\" style=\"color:#2b2f38\">Ingres\u00e1 a nuestra tienda de productos!<\/h2>\n\n\n\n<p class=\"has-text-align-center has-text-color\" style=\"color:#2b2f38\">Piezas totalmente dise\u00f1adas, modeladas y pintadas a mano.<\/p>\n\n\n\n<div class=\"is-horizontal is-content-justification-center is-layout-flex wp-container-27 wp-block-buttons\">\n<div class=\"wp-block-button\"><a class=\"wp-block-button__link\" href=\"https:\/\/saloceramica.com\/index.php\/store\/\">IR A LA TIENDA<\/a><\/div>\n<\/div>\n\n\n\n<div style=\"height:150px\" aria-hidden=\"true\" class=\"wp-block-spacer\"><\/div>\n\n\n\n<p><\/p>\n<\/div><\/div>\n\n\n\n<p><\/p>\n","protected":false},"excerpt":{"rendered":"<p>Colecci\u00f3n 2021 Talleres Talleres On-Line y presenciales, la inscripci\u00f3n podes realizarla en cualquier momento del a\u00f1o! Ventas de Insumos Pinceles, Herramientas, Estacas, Diferentes tipos de arcilla. VER COLECCION MAS DETALLES VER COLECCION Productos Destacados Productos artesanales de excelente calidad Piezas de cer\u00e1mica personalizadas! Cont\u00e1ctanos Ped\u00ed tus piezas personalizadas! Para que ese regalo o ese presente &hellip;<\/p>\n<p class=\"read-more\"> <a class=\"\" href=\"https:\/\/saloceramica.com\/\"> <span class=\"screen-reader-text\">Home<\/span> Leer m\u00e1s &raquo;<\/a><\/p>\n","protected":false},"author":1,"featured_media":0,"parent":0,"menu_order":0,"comment_status":"closed","ping_status":"closed","template":"","meta":{"om_disable_all_campaigns":false,"_mi_skip_tracking":false},"aioseo_notices":[],"_links":{"self":[{"href":"https:\/\/saloceramica.com\/index.php\/wp-json\/wp\/v2\/pages\/15"}],"collection":[{"href":"https:\/\/saloceramica.com\/index.php\/wp-json\/wp\/v2\/pages"}],"about":[{"href":"https:\/\/saloceramica.com\/index.php\/wp-json\/wp\/v2\/types\/page"}],"author":[{"embeddable":true,"href":"https:\/\/saloceramica.com\/index.php\/wp-json\/wp\/v2\/users\/1"}],"replies":[{"embeddable":true,"href":"https:\/\/saloceramica.com\/index.php\/wp-json\/wp\/v2\/comments?post=15"}],"version-history":[{"count":85,"href":"https:\/\/saloceramica.com\/index.php\/wp-json\/wp\/v2\/pages\/15\/revisions"}],"predecessor-version":[{"id":1223,"href":"https:\/\/saloceramica.com\/index.php\/wp-json\/wp\/v2\/pages\/15\/revisions\/1223"}],"wp:attachment":[{"href":"https:\/\/saloceramica.com\/index.php\/wp-json\/wp\/v2\/media?parent=15"}],"curies":[{"name":"wp","href":"https:\/\/api.w.org\/{rel}","templated":true}]}}