{"id":119,"date":"2020-08-20T10:02:41","date_gmt":"2020-08-20T10:02:41","guid":{"rendered":"http:\/\/saloceramica.com\/index.php\/about-us\/"},"modified":"2021-10-05T21:35:02","modified_gmt":"2021-10-05T21:35:02","slug":"quienes-somos","status":"publish","type":"page","link":"https:\/\/saloceramica.com\/index.php\/quienes-somos\/","title":{"rendered":"Quienes Somos"},"content":{"rendered":"\n<div style=\"height:80px\" aria-hidden=\"true\" class=\"wp-block-spacer\"><\/div>\n\n\n\n<div class=\"wp-block-cover alignfull has-white-background-color\" style=\"min-height:300px\"><img decoding=\"async\" loading=\"lazy\" width=\"4000\" height=\"2250\" class=\"wp-block-cover__image-background wp-image-444\" alt=\"\" src=\"https:\/\/saloceramica.com\/wp-content\/uploads\/2021\/05\/cuencos-mas-transparentes.png\" data-object-fit=\"cover\" srcset=\"https:\/\/saloceramica.com\/wp-content\/uploads\/2021\/05\/cuencos-mas-transparentes.png 4000w, https:\/\/saloceramica.com\/wp-content\/uploads\/2021\/05\/cuencos-mas-transparentes-300x169.png 300w\" sizes=\"(max-width: 4000px) 100vw, 4000px\" \/><div class=\"wp-block-cover__inner-container\">\n<h1 class=\"has-text-color\" style=\"color:#e49970;font-size:50px\">Quienes somos<\/h1>\n<\/div><\/div>\n\n\n\n<div style=\"height:39px\" aria-hidden=\"true\" class=\"wp-block-spacer\"><\/div>\n\n\n\n<p><strong><em>Sal\u00f3 cer\u00e1mica<\/em><\/strong> es un emprendimiento que naci\u00f3 hace m\u00e1s de 9 a\u00f1os y de a poco se fue desarrollando para hoy poder compartir con ustedes todo el trabajo que con mucho esfuerzo y trayectoria se ha logrado crear.&nbsp;<\/p>\n\n\n\n<p>Las piezas est\u00e1n totalmente dise\u00f1adas, modeladas y pintadas a mano.&nbsp;<\/p>\n\n\n\n<p>El hacer artesanal que conlleva cada pieza hace que sean \u00fanicas, el mayor desaf\u00edo al momento de darle vida a la arcilla para que se convierta en un utensilio es pensar que no s\u00f3lo vamos a llenar una taza de t\u00e9 o caf\u00e9, o vamos a cebarnos un mate\u2026 sino que cada pieza nos va a acompa\u00f1ar en momentos de nuestras vidas que atesoraremos para siempre, por eso tambi\u00e9n en este recorrido otro desaf\u00edo es la calidad que se le da a cada producto que luego ser\u00e1 parte de la vida cotidiana de quienes eligen <strong><em>Sal\u00f3 Cer\u00e1mica<\/em><\/strong>.<\/p>\n\n\n\n<div class=\"is-layout-flow wp-block-group alignfull has-white-background-color has-background\"><div class=\"wp-block-group__inner-container\">\n<div class=\"is-layout-flex wp-container-5 wp-block-columns alignfull\">\n<div class=\"is-layout-flow wp-block-column\"><\/div>\n\n\n\n<div class=\"is-layout-flow wp-block-column\">\n<div class=\"is-layout-flex wp-block-buttons is-content-justification-center\">\n<div class=\"wp-block-button\"><a class=\"wp-block-button__link\" href=\"https:\/\/saloceramica.com\/index.php\/contacto\/\">Contactanos<\/a><\/div>\n<\/div>\n<\/div>\n\n\n\n<div class=\"is-layout-flow wp-block-column\"><\/div>\n<\/div>\n\n\n\n<p><\/p>\n<\/div><\/div>\n\n\n\n<div class=\"wp-block-cover alignfull has-white-background-color\" style=\"min-height:540px\"><img decoding=\"async\" loading=\"lazy\" width=\"1280\" height=\"720\" class=\"wp-block-cover__image-background wp-image-683\" alt=\"\" src=\"https:\/\/saloceramica.com\/wp-content\/uploads\/2021\/08\/Presentacion1.jpg\" style=\"object-position:51% 62%\" data-object-fit=\"cover\" data-object-position=\"51% 62%\" srcset=\"https:\/\/saloceramica.com\/wp-content\/uploads\/2021\/08\/Presentacion1.jpg 1280w, https:\/\/saloceramica.com\/wp-content\/uploads\/2021\/08\/Presentacion1-300x169.jpg 300w, https:\/\/saloceramica.com\/wp-content\/uploads\/2021\/08\/Presentacion1-1024x576.jpg 1024w, https:\/\/saloceramica.com\/wp-content\/uploads\/2021\/08\/Presentacion1-768x432.jpg 768w, https:\/\/saloceramica.com\/wp-content\/uploads\/2021\/08\/Presentacion1-600x338.jpg 600w\" sizes=\"(max-width: 1280px) 100vw, 1280px\" \/><div class=\"wp-block-cover__inner-container\">\n<p><\/p>\n\n\n\n<p><\/p>\n\n\n\n<h2 class=\"has-text-align-center has-text-color\" style=\"color:#2b2f38\">Compr\u00e1 nuestros productos!<\/h2>\n\n\n\n<p class=\"has-text-align-center has-text-color\" style=\"color:#2b2f38\"><strong><em>Sal\u00f3 Cer\u00e1mica<\/em><\/strong> te ofrece una amplia variedad en productos de bazar, para el hogar o decoraci\u00f3n.<\/p>\n\n\n\n<div class=\"is-layout-flex wp-block-buttons is-content-justification-center\">\n<div class=\"wp-block-button\"><a class=\"wp-block-button__link\" href=\"https:\/\/saloceramica.com\/index.php\/store\/\">iR A LA TIENDA<\/a><\/div>\n<\/div>\n<\/div><\/div>\n","protected":false},"excerpt":{"rendered":"<p>Sal\u00f3 cer\u00e1mica es un emprendimiento que naci\u00f3 hace m\u00e1s de 9 a\u00f1os y de a poco se fue desarrollando para hoy poder compartir con ustedes todo el trabajo que con mucho esfuerzo y trayectoria se ha logrado crear.&nbsp; Las piezas est\u00e1n totalmente dise\u00f1adas, modeladas y pintadas a mano.&nbsp; El hacer artesanal que conlleva cada pieza &hellip;<\/p>\n<p class=\"read-more\"> <a class=\"\" href=\"https:\/\/saloceramica.com\/index.php\/quienes-somos\/\"> <span class=\"screen-reader-text\">Quienes Somos<\/span> Leer m\u00e1s &raquo;<\/a><\/p>\n","protected":false},"author":1,"featured_media":0,"parent":0,"menu_order":0,"comment_status":"closed","ping_status":"closed","template":"","meta":{"om_disable_all_campaigns":false,"_mi_skip_tracking":false},"aioseo_notices":[],"_links":{"self":[{"href":"https:\/\/saloceramica.com\/index.php\/wp-json\/wp\/v2\/pages\/119"}],"collection":[{"href":"https:\/\/saloceramica.com\/index.php\/wp-json\/wp\/v2\/pages"}],"about":[{"href":"https:\/\/saloceramica.com\/index.php\/wp-json\/wp\/v2\/types\/page"}],"author":[{"embeddable":true,"href":"https:\/\/saloceramica.com\/index.php\/wp-json\/wp\/v2\/users\/1"}],"replies":[{"embeddable":true,"href":"https:\/\/saloceramica.com\/index.php\/wp-json\/wp\/v2\/comments?post=119"}],"version-history":[{"count":55,"href":"https:\/\/saloceramica.com\/index.php\/wp-json\/wp\/v2\/pages\/119\/revisions"}],"predecessor-version":[{"id":1117,"href":"https:\/\/saloceramica.com\/index.php\/wp-json\/wp\/v2\/pages\/119\/revisions\/1117"}],"wp:attachment":[{"href":"https:\/\/saloceramica.com\/index.php\/wp-json\/wp\/v2\/media?parent=119"}],"curies":[{"name":"wp","href":"https:\/\/api.w.org\/{rel}","templated":true}]}}