{"id":118,"date":"2020-08-20T10:01:57","date_gmt":"2020-08-20T10:01:57","guid":{"rendered":"http:\/\/saloceramica.com\/index.php\/store\/"},"modified":"2021-10-01T17:30:27","modified_gmt":"2021-10-01T17:30:27","slug":"store","status":"publish","type":"page","link":"https:\/\/saloceramica.com\/index.php\/store\/","title":{"rendered":"Store"},"content":{"rendered":"\n<div style=\"height:80px\" aria-hidden=\"true\" class=\"wp-block-spacer\"><\/div>\n\n\n\n<div class=\"wp-block-cover alignfull has-white-background-color\" style=\"min-height:300px\"><img decoding=\"async\" loading=\"lazy\" width=\"4000\" height=\"2250\" class=\"wp-block-cover__image-background wp-image-444\" alt=\"\" src=\"https:\/\/saloceramica.com\/wp-content\/uploads\/2021\/05\/cuencos-mas-transparentes.png\" style=\"object-position:100% 50%\" data-object-fit=\"cover\" data-object-position=\"100% 50%\" srcset=\"https:\/\/saloceramica.com\/wp-content\/uploads\/2021\/05\/cuencos-mas-transparentes.png 4000w, https:\/\/saloceramica.com\/wp-content\/uploads\/2021\/05\/cuencos-mas-transparentes-300x169.png 300w\" sizes=\"(max-width: 4000px) 100vw, 4000px\" \/><div class=\"wp-block-cover__inner-container\">\n<h1 class=\"has-text-color\" style=\"color:#e49970;font-size:50px\">Tienda<\/h1>\n\n\n\n<p class=\"has-text-align-center has-large-font-size\"><\/p>\n<\/div><\/div>\n\n\n\n<div class=\"is-layout-flow wp-block-group alignfull has-white-background-color has-background\"><div class=\"wp-block-group__inner-container\">\n<h2>Productos destacados<\/h2>\n\n\n<div class=\"woocommerce columns-3 \"><ul class=\"products columns-3\">\n<li class=\"product type-product post-1198 status-publish first instock product_cat-linea-joven has-post-thumbnail featured taxable shipping-taxable product-type-variable\">\n\t<\/li>\n<li class=\"product type-product post-86 status-publish instock product_cat-bazar has-post-thumbnail featured taxable shipping-taxable product-type-variable has-default-attributes\">\n\t<\/li>\n<li class=\"product type-product post-84 status-publish last instock product_cat-bazar has-post-thumbnail featured taxable shipping-taxable product-type-simple\">\n\t<\/li>\n<\/ul>\n<\/div>\n<\/div><\/div>\n\n\n\n<div class=\"is-layout-flow wp-block-group alignfull has-background\" id=\"Coleccion\" style=\"background-color:#f9f9f9\"><div class=\"wp-block-group__inner-container\">\n<h2>Nuestra colecci\u00f3n <\/h2>\n\n\n<div class=\"woocommerce columns-3 \"><ul class=\"products columns-3\">\n<li class=\"product type-product post-661 status-publish first instock product_cat-deco_hogar has-post-thumbnail taxable shipping-taxable product-type-simple\">\n\t<\/li>\n<li class=\"product type-product post-1198 status-publish instock product_cat-linea-joven has-post-thumbnail featured taxable shipping-taxable product-type-variable\">\n\t<\/li>\n<li class=\"product type-product post-651 status-publish last outofstock product_cat-bazar has-post-thumbnail taxable shipping-taxable product-type-simple\">\n\t<\/li>\n<li class=\"product type-product post-86 status-publish first instock product_cat-bazar has-post-thumbnail featured taxable shipping-taxable product-type-variable has-default-attributes\">\n\t<\/li>\n<li class=\"product type-product post-84 status-publish instock product_cat-bazar has-post-thumbnail featured taxable shipping-taxable product-type-simple\">\n\t<\/li>\n<li class=\"product type-product post-1194 status-publish last outofstock product_cat-bazar has-post-thumbnail featured taxable shipping-taxable product-type-variable\">\n\t<\/li>\n<li class=\"product type-product post-1190 status-publish first instock product_cat-bazar has-post-thumbnail featured taxable shipping-taxable product-type-variable\">\n\t<\/li>\n<li class=\"product type-product post-672 status-publish instock product_cat-bazar has-post-thumbnail taxable shipping-taxable product-type-variable\">\n\t<\/li>\n<li class=\"product type-product post-87 status-publish last instock product_cat-bazar has-post-thumbnail featured taxable shipping-taxable product-type-variable\">\n\t<\/li>\n<li class=\"product type-product post-892 status-publish first instock product_cat-bazar has-post-thumbnail taxable shipping-taxable product-type-simple\">\n\t<\/li>\n<li class=\"product type-product post-799 status-publish instock product_cat-bazar has-post-thumbnail taxable shipping-taxable product-type-variable\">\n\t<\/li>\n<li class=\"product type-product post-829 status-publish last instock product_cat-bazar has-post-thumbnail taxable shipping-taxable product-type-variable\">\n\t<\/li>\n<li class=\"product type-product post-1193 status-publish first instock product_cat-bazar has-post-thumbnail featured taxable shipping-taxable product-type-simple\">\n\t<\/li>\n<li class=\"product type-product post-1191 status-publish instock product_cat-bazar has-post-thumbnail featured taxable shipping-taxable product-type-variable\">\n\t<\/li>\n<li class=\"product type-product post-830 status-publish last instock product_cat-bazar has-post-thumbnail taxable shipping-taxable product-type-variable\">\n\t<\/li>\n<li class=\"product type-product post-868 status-publish first instock product_cat-deco_hogar has-post-thumbnail taxable shipping-taxable product-type-variable\">\n\t<\/li>\n<li class=\"product type-product post-862 status-publish instock product_cat-deco_hogar has-post-thumbnail taxable shipping-taxable product-type-variable\">\n\t<\/li>\n<li class=\"product type-product post-642 status-publish last instock product_cat-bazar has-post-thumbnail taxable shipping-taxable product-type-variable\">\n\t<\/li>\n<li class=\"product type-product post-1192 status-publish first instock product_cat-bazar has-post-thumbnail featured taxable shipping-taxable product-type-simple\">\n\t<\/li>\n<li class=\"product type-product post-880 status-publish instock product_cat-bazar has-post-thumbnail taxable shipping-taxable product-type-simple\">\n\t<\/li>\n<li class=\"product type-product post-881 status-publish last instock product_cat-bazar has-post-thumbnail taxable shipping-taxable product-type-variable\">\n\t<\/li>\n<li class=\"product type-product post-78 status-publish first instock product_cat-bazar has-post-thumbnail taxable shipping-taxable product-type-variable\">\n\t<\/li>\n<li class=\"product type-product post-80 status-publish instock product_cat-bazar has-post-thumbnail featured taxable shipping-taxable product-type-variable\">\n\t<\/li>\n<li class=\"product type-product post-81 status-publish last instock product_cat-bazar has-post-thumbnail taxable shipping-taxable product-type-variable\">\n\t<\/li>\n<li class=\"product type-product post-1180 status-publish first instock product_cat-bazar has-post-thumbnail featured taxable shipping-taxable product-type-simple\">\n\t<\/li>\n<li class=\"product type-product post-666 status-publish instock product_cat-deco_hogar has-post-thumbnail taxable shipping-taxable product-type-simple\">\n\t<\/li>\n<\/ul>\n<\/div>\n<\/div><\/div>\n\n\n\n<div class=\"is-layout-flow wp-block-group alignfull has-white-background-color has-background\"><div class=\"wp-block-group__inner-container\">\n<div class=\"is-layout-flex wp-container-5 wp-block-columns\">\n<div class=\"is-layout-flow wp-block-column\" style=\"flex-basis:33.33%\">\n<h3>Necesitas ayuda para elegir tu producto?<\/h3>\n\n\n\n<p class=\"has-small-font-size\"><a href=\"https:\/\/saloceramica.com\/index.php\/contact-us\/\" title=\"https:\/\/saloceramica.com\/index.php\/contact-us\/\">Pregunt\u00e1 por ayuda<\/a><\/p>\n<\/div>\n\n\n\n<div class=\"is-layout-flow wp-block-column\" style=\"flex-basis:66.66%\">\n<p>En <em><strong>Sal\u00f3 Cer\u00e1mica<\/strong><\/em> te ofrecemos productos de dise\u00f1o, acompa\u00f1ando la utilidad y el sentido est\u00e9tico.<\/p>\n\n\n\n<p>Al momento de elegir cualquiera de nuestros productos, te recomendamos tener en cuenta lo siguiente: Utilidad, Comodidad y Combinaci\u00f3n con el espacio en que van a ser utilizados.<\/p>\n\n\n\n<p>Es importante saber cuales son tus preferencias individuales en cuanto al uso de nuestros productos y poder ensamblar un sentido est\u00e9tico para que no solo sean piezas utilitarias, sino  que adem\u00e1s decoren tu hogar.<\/p>\n\n\n\n<p>No dudes en consultarnos, <strong><em>Sal\u00f3 Cer\u00e1mica<\/em><\/strong> te acompa\u00f1ar\u00e1 en todo el proceso de elecci\u00f3n de tus productos.<\/p>\n<\/div>\n<\/div>\n<\/div><\/div>\n","protected":false},"excerpt":{"rendered":"<p>Productos destacados Nuestra colecci\u00f3n Necesitas ayuda para elegir tu producto? Pregunt\u00e1 por ayuda En Sal\u00f3 Cer\u00e1mica te ofrecemos productos de dise\u00f1o, acompa\u00f1ando la utilidad y el sentido est\u00e9tico. Al momento de elegir cualquiera de nuestros productos, te recomendamos tener en cuenta lo siguiente: Utilidad, Comodidad y Combinaci\u00f3n con el espacio en que van a ser &hellip;<\/p>\n<p class=\"read-more\"> <a class=\"\" href=\"https:\/\/saloceramica.com\/index.php\/store\/\"> <span class=\"screen-reader-text\">Store<\/span> Leer m\u00e1s &raquo;<\/a><\/p>\n","protected":false},"author":1,"featured_media":0,"parent":0,"menu_order":0,"comment_status":"closed","ping_status":"closed","template":"","meta":{"om_disable_all_campaigns":false,"_mi_skip_tracking":false},"aioseo_notices":[],"_links":{"self":[{"href":"https:\/\/saloceramica.com\/index.php\/wp-json\/wp\/v2\/pages\/118"}],"collection":[{"href":"https:\/\/saloceramica.com\/index.php\/wp-json\/wp\/v2\/pages"}],"about":[{"href":"https:\/\/saloceramica.com\/index.php\/wp-json\/wp\/v2\/types\/page"}],"author":[{"embeddable":true,"href":"https:\/\/saloceramica.com\/index.php\/wp-json\/wp\/v2\/users\/1"}],"replies":[{"embeddable":true,"href":"https:\/\/saloceramica.com\/index.php\/wp-json\/wp\/v2\/comments?post=118"}],"version-history":[{"count":14,"href":"https:\/\/saloceramica.com\/index.php\/wp-json\/wp\/v2\/pages\/118\/revisions"}],"predecessor-version":[{"id":791,"href":"https:\/\/saloceramica.com\/index.php\/wp-json\/wp\/v2\/pages\/118\/revisions\/791"}],"wp:attachment":[{"href":"https:\/\/saloceramica.com\/index.php\/wp-json\/wp\/v2\/media?parent=118"}],"curies":[{"name":"wp","href":"https:\/\/api.w.org\/{rel}","templated":true}]}}